{"id":8762,"date":"2018-03-13T14:32:32","date_gmt":"2018-03-13T14:32:32","guid":{"rendered":"https:\/\/www.mediss.es\/?page_id=8762"},"modified":"2020-05-20T09:42:29","modified_gmt":"2020-05-20T09:42:29","slug":"terms-of-use","status":"publish","type":"page","link":"https:\/\/www.mediss.es\/en\/terms-of-use","title":{"rendered":"Terms of Use"},"content":{"rendered":"[vc_row type=&#8221;full_width_background&#8221; full_screen_row_position=&#8221;middle&#8221; column_margin=&#8221;default&#8221; column_direction=&#8221;default&#8221; column_direction_tablet=&#8221;default&#8221; column_direction_phone=&#8221;default&#8221; bg_color=&#8221;#f7f7f7&#8243; scene_position=&#8221;center&#8221; top_padding=&#8221;8%&#8221; bottom_padding=&#8221;8%&#8221; text_color=&#8221;dark&#8221; text_align=&#8221;left&#8221; row_border_radius=&#8221;none&#8221; row_border_radius_applies=&#8221;bg&#8221; overlay_strength=&#8221;0.3&#8243; gradient_direction=&#8221;left_to_right&#8221; shape_divider_position=&#8221;bottom&#8221; bg_image_animation=&#8221;none&#8221; shape_type=&#8221;&#8221;][vc_column column_padding=&#8221;padding-8-percent&#8221; column_padding_tablet=&#8221;inherit&#8221; column_padding_phone=&#8221;inherit&#8221; column_padding_position=&#8221;right&#8221; background_color_opacity=&#8221;1&#8243; background_hover_color_opacity=&#8221;1&#8243; column_shadow=&#8221;none&#8221; column_border_radius=&#8221;none&#8221; column_link_target=&#8221;_self&#8221; gradient_direction=&#8221;left_to_right&#8221; overlay_strength=&#8221;0.3&#8243; width=&#8221;2\/3&#8243; tablet_width_inherit=&#8221;default&#8221; tablet_text_alignment=&#8221;default&#8221; phone_text_alignment=&#8221;default&#8221; column_border_width=&#8221;none&#8221; column_border_style=&#8221;solid&#8221; bg_image_animation=&#8221;none&#8221;][split_line_heading animation_type=&#8221;default&#8221;]\n<h2>CONDICIONES DE USO<\/h2>\n[\/split_line_heading][divider line_type=&#8221;No Line&#8221; custom_height=&#8221;50&#8243;][vc_column_text]El titular de este sitio web es Mediss Dise\u00f1o y Mobiliario S.L., NIF B70387733, Pe\u00f1a Anda 12, 27002 Lugo (SPAIN), tel.(0034) 982 808 725,\u00a0 email: info@mediss.es<\/p>\n<p>Inscrita en el Registro Mercantil de Lugo en el Tomo 462, Libro 0, Folio 65, Hoja LU-17401, Inscripci\u00f3n 5.<\/p>\n<p>En la elecci\u00f3n de su producto puede seleccionar las opciones de dise\u00f1o del mobiliario, as\u00ed como cualquier accesorio o mueble disponible en el cat\u00e1logo de la tienda.<\/p>\n<div class=\"contentContainer\">\n<div class=\"contentText\">\n<p>Para aquellos art\u00edculos que no est\u00e9n en el apartado de tienda, pero que aparecen en el cat\u00e1logo, puede realizarnos la consulta directamente por tel\u00e9fono o envi\u00e1ndonos un correo a info@mediss.es<\/p>\n<p>Las condiciones de env\u00edo, montaje, etc. dependen del tipo de art\u00edculo y ser\u00e1 especificadas en la descripci\u00f3n del mismo o por consulta telef\u00f3nica\/correo.<\/p>\n<p>Por favor revise el apartado de <a href=\"https:\/\/www.mediss.es\/en\/shipping-and-returns\">Env\u00edos y Devoluciones<\/a> para m\u00e1s informaci\u00f3n, especialmente en aquellos casos en los que el pedido se efect\u00fae fuera del territorio nacional peninsular. Puede registrarse como usuario para recibir notificaciones y actualizaciones de los productos a trav\u00e9s del bot\u00f3n de suscripci\u00f3n de boletines de correo para noticias o actualizaciones de productos<\/p>\n<p>Resoluci\u00f3n de conflictos alternativa (ODR)<\/p>\n<p>Adem\u00e1s de la comunicaci\u00f3n directa a trav&amp;ecute;s de nuestro email y tel\u00e9fono, tiene disponible un enlace a la aplicaci\u00f3n de resoluci\u00f3n de conflictos proporcionada por la UE.<\/p>\n<p>&#8220;Resoluci\u00f3n de litigios en l\u00ednea conforme al Art. 14.1 del Reglamento (UE) 524\/2013 : La Comisi\u00f3n Europea facilita una plataforma de resoluci\u00f3n de litigios en l\u00ednea, la cual se encuentra disponible en el siguiente enlace: <a href=\"http:\/\/ec.europa.eu\/odr\"> http:\/\/ec.europa.eu\/odr <\/a><\/p>\n<\/div>\n<\/div>\n[\/vc_column_text][\/vc_column][vc_column column_padding=&#8221;no-extra-padding&#8221; column_padding_tablet=&#8221;inherit&#8221; column_padding_phone=&#8221;inherit&#8221; column_padding_position=&#8221;all&#8221; background_color_opacity=&#8221;1&#8243; background_hover_color_opacity=&#8221;1&#8243; column_shadow=&#8221;none&#8221; column_border_radius=&#8221;none&#8221; column_link_target=&#8221;_self&#8221; el_class=&#8221;form-home&#8221; gradient_direction=&#8221;left_to_right&#8221; overlay_strength=&#8221;0.3&#8243; width=&#8221;1\/3&#8243; tablet_width_inherit=&#8221;default&#8221; tablet_text_alignment=&#8221;default&#8221; phone_text_alignment=&#8221;default&#8221; column_border_width=&#8221;none&#8221; column_border_style=&#8221;solid&#8221; bg_image_animation=&#8221;none&#8221;]\n<div class=\"wpcf7 no-js\" id=\"wpcf7-f6809-o1\" lang=\"es-ES\" dir=\"ltr\" data-wpcf7-id=\"6809\">\n<div class=\"screen-reader-response\"><p role=\"status\" aria-live=\"polite\" aria-atomic=\"true\"><\/p> <ul><\/ul><\/div>\n<form action=\"\/en\/wp-json\/wp\/v2\/pages\/8762#wpcf7-f6809-o1\" method=\"post\" class=\"wpcf7-form init\" aria-label=\"Formulario de contacto\" novalidate=\"novalidate\" data-status=\"init\">\n<fieldset class=\"hidden-fields-container\"><input type=\"hidden\" name=\"_wpcf7\" value=\"6809\" \/><input type=\"hidden\" name=\"_wpcf7_version\" value=\"6.1.5\" \/><input type=\"hidden\" name=\"_wpcf7_locale\" value=\"es_ES\" \/><input type=\"hidden\" name=\"_wpcf7_unit_tag\" value=\"wpcf7-f6809-o1\" \/><input type=\"hidden\" name=\"_wpcf7_container_post\" value=\"0\" \/><input type=\"hidden\" name=\"_wpcf7_posted_data_hash\" value=\"\" \/><input type=\"hidden\" name=\"_wpcf7_recaptcha_response\" value=\"\" \/>\n<\/fieldset>\n<p><label> Nombre<br \/>\n<span class=\"wpcf7-form-control-wrap\" data-name=\"your-name\"><input size=\"40\" maxlength=\"400\" class=\"wpcf7-form-control wpcf7-text\" aria-invalid=\"false\" value=\"\" type=\"text\" name=\"your-name\" \/><\/span> <\/label>\n<\/p>\n<p><label> email*<br \/>\n<span class=\"wpcf7-form-control-wrap\" data-name=\"your-email\"><input size=\"40\" maxlength=\"400\" class=\"wpcf7-form-control wpcf7-email wpcf7-validates-as-required wpcf7-text wpcf7-validates-as-email\" aria-required=\"true\" aria-invalid=\"false\" value=\"\" type=\"email\" name=\"your-email\" \/><\/span> <\/label>\n<\/p>\n<p><label> Tel\u00e9fono*<br \/>\n<span class=\"wpcf7-form-control-wrap\" data-name=\"tel-277\"><input size=\"40\" maxlength=\"400\" class=\"wpcf7-form-control wpcf7-tel wpcf7-validates-as-required wpcf7-text wpcf7-validates-as-tel\" aria-required=\"true\" aria-invalid=\"false\" value=\"\" type=\"tel\" name=\"tel-277\" \/><\/span><\/label>\n<\/p>\n<p><label> Mensaje<br \/>\n<span class=\"wpcf7-form-control-wrap\" data-name=\"your-message\"><textarea cols=\"40\" rows=\"10\" maxlength=\"2000\" class=\"wpcf7-form-control wpcf7-textarea\" aria-invalid=\"false\" name=\"your-message\"><\/textarea><\/span> <\/label>\n<\/p>\n<p><label><br \/>\n<\/label>\n<\/p>\n<p><label>Tus datos personales ser\u00e1n tratados con plena sujeci\u00f3n a la normativa sobre protecci\u00f3n de datos, en los t\u00e9rminos expuestos en el <a href=\"https:\/\/www.mediss.es\/privacidad-ley-cookies\/\" target=\"_blank\" rel=\"noopener\">Aviso legal<\/a> de la web.<br \/>\n<input class=\"wpcf7-form-control wpcf7-submit has-spinner\" type=\"submit\" value=\"Enviar\" \/><\/label>\n<\/p><div class=\"wpcf7-response-output\" aria-hidden=\"true\"><\/div>\n<\/form>\n<\/div>\n[\/vc_column][\/vc_row]\n","protected":false},"excerpt":{"rendered":"<p>[vc_row type=&#8221;full_width_background&#8221; full_screen_row_position=&#8221;middle&#8221; column_margin=&#8221;default&#8221; column_direction=&#8221;default&#8221; column_direction_tablet=&#8221;default&#8221; column_direction_phone=&#8221;default&#8221; bg_color=&#8221;#f7f7f7&#8243; scene_position=&#8221;center&#8221; top_padding=&#8221;8%&#8221; bottom_padding=&#8221;8%&#8221; text_color=&#8221;dark&#8221; text_align=&#8221;left&#8221; row_border_radius=&#8221;none&#8221; row_border_radius_applies=&#8221;bg&#8221; overlay_strength=&#8221;0.3&#8243; gradient_direction=&#8221;left_to_right&#8221; shape_divider_position=&#8221;bottom&#8221; bg_image_animation=&#8221;none&#8221; shape_type=&#8221;&#8221;][vc_column column_padding=&#8221;padding-8-percent&#8221; column_padding_tablet=&#8221;inherit&#8221; column_padding_phone=&#8221;inherit&#8221; column_padding_position=&#8221;right&#8221; background_color_opacity=&#8221;1&#8243; background_hover_color_opacity=&#8221;1&#8243; column_shadow=&#8221;none&#8221; column_border_radius=&#8221;none&#8221; column_link_target=&#8221;_self&#8221; gradient_direction=&#8221;left_to_right&#8221;&#8230;<\/p>\n","protected":false},"author":1,"featured_media":0,"parent":0,"menu_order":0,"comment_status":"closed","ping_status":"closed","template":"","meta":{"footnotes":""},"class_list":["post-8762","page","type-page","status-publish"],"aioseo_notices":[],"_links":{"self":[{"href":"https:\/\/www.mediss.es\/en\/wp-json\/wp\/v2\/pages\/8762","targetHints":{"allow":["GET"]}}],"collection":[{"href":"https:\/\/www.mediss.es\/en\/wp-json\/wp\/v2\/pages"}],"about":[{"href":"https:\/\/www.mediss.es\/en\/wp-json\/wp\/v2\/types\/page"}],"author":[{"embeddable":true,"href":"https:\/\/www.mediss.es\/en\/wp-json\/wp\/v2\/users\/1"}],"replies":[{"embeddable":true,"href":"https:\/\/www.mediss.es\/en\/wp-json\/wp\/v2\/comments?post=8762"}],"version-history":[{"count":3,"href":"https:\/\/www.mediss.es\/en\/wp-json\/wp\/v2\/pages\/8762\/revisions"}],"predecessor-version":[{"id":12640,"href":"https:\/\/www.mediss.es\/en\/wp-json\/wp\/v2\/pages\/8762\/revisions\/12640"}],"wp:attachment":[{"href":"https:\/\/www.mediss.es\/en\/wp-json\/wp\/v2\/media?parent=8762"}],"curies":[{"name":"wp","href":"https:\/\/api.w.org\/{rel}","templated":true}]}}