{"id":11562,"date":"2019-07-15T06:04:29","date_gmt":"2019-07-15T06:04:29","guid":{"rendered":"https:\/\/www.mediss.es\/aviso-legal"},"modified":"2020-04-08T07:40:30","modified_gmt":"2020-04-08T07:40:30","slug":"aviso-legal","status":"publish","type":"page","link":"https:\/\/www.mediss.es\/fr\/aviso-legal","title":{"rendered":"Avis juridique"},"content":{"rendered":"<div class=\"innerblocks-wrap\">\n<div id=\"wp-block-themeisle-blocks-advanced-column-a3414e48\" class=\"wp-block-themeisle-blocks-advanced-column\">\n<p>1. Le propri\u00e9taire de ce site Web est Mediss Design and Furniture S.L., NIF B70387733, Pe\u00f1a Anda 12, 27002 Lugo (ESPAGNE), t\u00e9l\u00e9phone (0034) 982 808 725, email: info@mediss.es<\/p>\n<p>2. Acc\u00e8s au Mediss Design and Furniture S.L. C&rsquo;est gratuit. Tout le contenu est la propri\u00e9t\u00e9 intellectuelle de Mediss Dise\u00f1o y Mobiliario S.L. Toute utilisation de ceux-ci contraire aux r\u00e8gles de la propri\u00e9t\u00e9 intellectuelle sera poursuivie conform\u00e9ment \u00e0 la l\u00e9gislation en vigueur.<\/p>\n<\/div>\n<\/div>\n<p>OBJET<br \/>\nLe fournisseur, responsable du site Web, met ce document \u00e0 la disposition des utilisateurs avec lesquels il entend se conformer aux obligations \u00e9nonc\u00e9es dans la loi 34\/2002 sur les services de la soci\u00e9t\u00e9 de l&rsquo;information et le commerce \u00e9lectronique (LSSI-CE ), ainsi qu&rsquo;informer tous les utilisateurs du site Internet des conditions d&rsquo;utilisation du site Internet.<br \/>\nToute personne acc\u00e9dant \u00e0 ce site Web assume le r\u00f4le d&rsquo;utilisateur, s&rsquo;engageant \u00e0 observer et \u00e0 respecter rigoureusement les dispositions \u00e9nonc\u00e9es dans les pr\u00e9sentes, ainsi que toute autre disposition l\u00e9gale qui pourrait \u00eatre applicable.<br \/>\nLe fournisseur se r\u00e9serve le droit de modifier tout type d&rsquo;informations pouvant appara\u00eetre sur le site Web, sans qu&rsquo;il y ait obligation de pr\u00e9-notifier ou d&rsquo;informer les utilisateurs de ces obligations, \u00e9tant entendu que la publication sur le site Web du fournisseur est suffisante.<br \/>\nRESPONSABILIT\u00c9<br \/>\nLe fournisseur est exon\u00e9r\u00e9 de tout type de responsabilit\u00e9 d\u00e9coulant des informations publi\u00e9es sur son site Web, \u00e0 condition que ces informations aient \u00e9t\u00e9 manipul\u00e9es ou saisies par un tiers ext\u00e9rieur.<br \/>\nLe site Internet du fournisseur peut utiliser des cookies (petits fichiers d&rsquo;information que le serveur envoie \u00e0 l&rsquo;ordinateur de la personne acc\u00e9dant \u00e0 la page) pour effectuer certaines fonctions jug\u00e9es essentielles au bon fonctionnement et \u00e0 l&rsquo;affichage du site. Les cookies utilis\u00e9s sur le site sont, en tout \u00e9tat de cause, de nature temporaire dans le seul but de rendre leur transmission ult\u00e9rieure plus efficace et de dispara\u00eetre \u00e0 la fin de la session de l&rsquo;utilisateur. Les cookies ne seront en aucun cas utilis\u00e9s pour collecter des informations personnelles.<br \/>\n\u00c0 partir du site Web du client, vous pouvez \u00eatre redirig\u00e9 vers du contenu provenant de sites Web tiers. \u00c9tant donn\u00e9 que le fournisseur ne peut pas toujours contr\u00f4ler le contenu saisi par des tiers sur ses sites Web, il n&rsquo;assume aucune responsabilit\u00e9 pour ce contenu. Dans tous les cas, le prestataire d\u00e9clare qu&rsquo;il proc\u00e9dera \u00e0<br \/>\nle retrait imm\u00e9diat de tout contenu susceptible de contrevenir \u00e0 la l\u00e9gislation nationale ou internationale, aux bonnes m\u0153urs ou \u00e0 l&rsquo;ordre public, en proc\u00e9dant au retrait imm\u00e9diat de la redirection vers ledit site Internet, en informant les autorit\u00e9s comp\u00e9tentes du contenu en question.<br \/>\nLe fournisseur n&rsquo;est pas responsable des informations et du contenu stock\u00e9s, \u00e0 titre d&rsquo;exemple mais sans s&rsquo;y limiter, dans les forums, les chats, les g\u00e9n\u00e9rateurs de blogs, les commentaires, les r\u00e9seaux sociaux ou tout autre moyen permettant \u00e0 des tiers de publier du contenu ind\u00e9pendamment dans le site Web du fournisseur. Cependant, et conform\u00e9ment aux dispositions de l&rsquo;art. 11 et 16 de la LSSI-CE, le fournisseur se met \u00e0 la disposition de tous les utilisateurs, autorit\u00e9s et forces de s\u00e9curit\u00e9, et collabore activement au retrait ou, le cas \u00e9ch\u00e9ant, au blocage de tout contenu susceptible d&rsquo;affecter ou d&rsquo;enfreindre la l\u00e9gislation. droits ou moralit\u00e9 nationaux ou internationaux de tiers et ordre public. Dans le cas o\u00f9 l&rsquo;utilisateur consid\u00e8re qu&rsquo;il existe un contenu sur le site Web qui pourrait \u00eatre susceptible de cette classification, veuillez en informer imm\u00e9diatement l&rsquo;administrateur du site Web.<br \/>\nLe fonctionnement de ce site Web a \u00e9t\u00e9 revu et test\u00e9. En principe, un fonctionnement correct peut \u00eatre garanti 365 jours par an, 24 heures par jour. Cependant, le fournisseur n&rsquo;exclut pas la possibilit\u00e9 qu&rsquo;il y ait certaines erreurs de programmation, ou qu&rsquo;un cas de force majeure, des catastrophes naturelles, des gr\u00e8ves ou des circonstances similaires puissent se produire et rendre l&rsquo;acc\u00e8s au site Web impossible.<\/p>\n<p>&nbsp;<\/p>\n<p>&nbsp;<\/p>\n<p>PROTECTION DES DONNEES PERSONNELLES<br \/>\nLe fournisseur est profond\u00e9ment attach\u00e9 au respect des r\u00e9glementations europ\u00e9ennes et espagnoles en mati\u00e8re de protection des donn\u00e9es personnelles, et garantit le plein respect des obligations \u00e9nonc\u00e9es, ainsi que la mise en \u0153uvre des mesures de s\u00e9curit\u00e9 pr\u00e9vues par le r\u00e8glement europ\u00e9en pour la protection des donn\u00e9es. les donn\u00e9es.<br \/>\nLe fournisseur met la politique de confidentialit\u00e9 de l&rsquo;entit\u00e9 \u00e0 la disposition des utilisateurs, informant les utilisateurs des aspects suivants:<br \/>\n&#8211; Identification du responsable du traitement.<br \/>\n&#8211; Donn\u00e9es trait\u00e9es.<br \/>\n&#8211; But du traitement.<br \/>\n&#8211; Sur les droits qui assistent chaque utilisateur et la proc\u00e9dure pour les exercer.<br \/>\nPROPRI\u00c9T\u00c9 INTELLECTUELLE ET INDUSTRIELLE<br \/>\nLe site Web, y compris, mais sans s&rsquo;y limiter, sa programmation, son \u00e9dition, sa compilation et d&rsquo;autres \u00e9l\u00e9ments n\u00e9cessaires \u00e0 son fonctionnement, les conceptions, logos, textes et \/ ou graphiques sont la propri\u00e9t\u00e9 du fournisseur ou, le cas \u00e9ch\u00e9ant, ont une licence ou une autorisation expresse de une partie des auteurs. Tous les contenus du site sont d\u00fbment prot\u00e9g\u00e9s par la r\u00e9glementation de<br \/>\npropri\u00e9t\u00e9 intellectuelle et industrielle, ainsi que dans les registres publics correspondants.<br \/>\nQuelle que soit la finalit\u00e9 pour laquelle ils \u00e9taient destin\u00e9s, la reproduction, l&rsquo;utilisation, l&rsquo;exploitation, la distribution et la commercialisation, totales ou partielles, n\u00e9cessitent en tout \u00e9tat de cause une autorisation \u00e9crite pr\u00e9alable du fournisseur. Toute utilisation non pr\u00e9alablement autoris\u00e9e par le fournisseur sera consid\u00e9r\u00e9e comme une violation grave des droits de propri\u00e9t\u00e9 intellectuelle ou industrielle de l&rsquo;auteur.<br \/>\nLes conceptions, logos, textes et \/ ou graphiques en dehors du fournisseur et qui peuvent appara\u00eetre sur le site Web appartiennent \u00e0 leurs propri\u00e9taires respectifs, \u00e9tant eux-m\u00eames responsables de toute controverse possible qui pourrait survenir \u00e0 leur sujet. Dans tous les cas, le fournisseur a l&rsquo;autorisation expresse et pr\u00e9alable de leur part.<br \/>\nLe fournisseur reconna\u00eet en faveur de leurs propri\u00e9taires les droits de propri\u00e9t\u00e9 industrielle et intellectuelle correspondants, leur simple mention ou apparition sur le site n&rsquo;impliquant pas l&rsquo;existence de droits ou responsabilit\u00e9s du fournisseur \u00e0 leur \u00e9gard, ni approbation, parrainage ou recommandation de du m\u00eame.<br \/>\nPour faire tout type d&rsquo;observation concernant d&rsquo;\u00e9ventuelles violations des droits de propri\u00e9t\u00e9 intellectuelle ou industrielle, ainsi que tout contenu du site Web, vous pouvez le faire par le biais de l&rsquo;adresse e-mail suivante Info@mediss.es.<br \/>\nLOI APPLICABLE ET JURIDICTION COMP\u00c9TENTE<br \/>\nPour la r\u00e9solution de toutes les controverses ou questions li\u00e9es \u00e0 ce site Web ou aux activit\u00e9s men\u00e9es sur celui-ci, la loi espagnole s&rsquo;appliquera, \u00e0 laquelle les parties se soumettent express\u00e9ment, \u00e9tant comp\u00e9tente pour r\u00e9soudre tous les litiges d\u00e9coulant ou li\u00e9s \u00e0 son utilisation les cours et tribunaux de Lugo.<\/p>\n","protected":false},"excerpt":{"rendered":"<p>1. Le propri\u00e9taire de ce site Web est Mediss Design and Furniture S.L., NIF B70387733, Pe\u00f1a Anda 12, 27002 Lugo (ESPAGNE), t\u00e9l\u00e9phone (0034) 982 808 725, email: info@mediss.es 2. Acc\u00e8s&#8230;<\/p>\n","protected":false},"author":1,"featured_media":0,"parent":0,"menu_order":0,"comment_status":"closed","ping_status":"closed","template":"","meta":{"footnotes":""},"class_list":["post-11562","page","type-page","status-publish"],"aioseo_notices":[],"_links":{"self":[{"href":"https:\/\/www.mediss.es\/fr\/wp-json\/wp\/v2\/pages\/11562","targetHints":{"allow":["GET"]}}],"collection":[{"href":"https:\/\/www.mediss.es\/fr\/wp-json\/wp\/v2\/pages"}],"about":[{"href":"https:\/\/www.mediss.es\/fr\/wp-json\/wp\/v2\/types\/page"}],"author":[{"embeddable":true,"href":"https:\/\/www.mediss.es\/fr\/wp-json\/wp\/v2\/users\/1"}],"replies":[{"embeddable":true,"href":"https:\/\/www.mediss.es\/fr\/wp-json\/wp\/v2\/comments?post=11562"}],"version-history":[{"count":3,"href":"https:\/\/www.mediss.es\/fr\/wp-json\/wp\/v2\/pages\/11562\/revisions"}],"predecessor-version":[{"id":12477,"href":"https:\/\/www.mediss.es\/fr\/wp-json\/wp\/v2\/pages\/11562\/revisions\/12477"}],"wp:attachment":[{"href":"https:\/\/www.mediss.es\/fr\/wp-json\/wp\/v2\/media?parent=11562"}],"curies":[{"name":"wp","href":"https:\/\/api.w.org\/{rel}","templated":true}]}}