{"id":14816,"date":"2021-03-30T13:56:37","date_gmt":"2021-03-30T13:56:37","guid":{"rendered":"https:\/\/www.mediss.es\/cookies"},"modified":"2025-10-25T08:29:08","modified_gmt":"2025-10-25T08:29:08","slug":"cookies","status":"publish","type":"page","link":"https:\/\/www.mediss.es\/fr\/cookies","title":{"rendered":"Cookies"},"content":{"rendered":"\n<!-- Start CookieYes cookie policy -->\r\n<style>\r\n  a.cky-banner-element {\r\n    padding: 8px 30px;\r\n    background: #f8f9fa;\r\n    color: #858a8f;\r\n    border: 1px solid #dee2e6;\r\n    box-sizing: border-box;\r\n    border-radius: 2px;\r\n    cursor: pointer\r\n  }\r\n<\/style>\r\n<h1 class=\"cookie-policy-h1\">Politique de cookies<\/h1>\r\n<div class=\"cookie-policy-date-container\">\r\n  <p>Date d\u2019entr\u00e9e en vigueur : 25 octobre 2025<\/p>\r\n  <p>Derni\u00e8re mise \u00e0 jour : 25 octobre 2025<\/p>\r\n<\/div>\u00a0\r\n<h2>Qu\u2019est-ce qu\u2019un cookie ?<\/h2>\r\n<div class=\"cookie-policy-p\">\r\n  <p>Cette politique de cookies explique ce que sont les cookies, comment nous les utilisons, les types de cookies que nous utilisons (par exemple, les informations que nous collectons \u00e0 l\u2019aide des cookies et la mani\u00e8re dont ces informations sont utilis\u00e9es) et comment g\u00e9rer vos param\u00e8tres de cookies.<\/p>\r\n  <p>Les cookies sont de petits fichiers texte utilis\u00e9s pour stocker certaines informations. Ils sont enregistr\u00e9s sur votre appareil lorsque vous chargez un site web dans votre navigateur. Ces cookies aident \u00e0 garantir le bon fonctionnement du site web, renforcent la s\u00e9curit\u00e9, offrent une meilleure exp\u00e9rience utilisateur et analysent les performances afin d\u2019identifier ce qui fonctionne bien et ce qui doit \u00eatre am\u00e9lior\u00e9.<\/p>\r\n<\/div>\u00a0\r\n<h2>Comment utilisons-nous les cookies ?<\/h2>\r\n<div class=\"cookie-policy-p\">\r\n  <p>Comme la plupart des services en ligne, notre site web utilise des cookies internes et des cookies tiers pour plusieurs raisons. Les cookies internes sont principalement n\u00e9cessaires au bon fonctionnement du site web ; ils ne collectent aucune donn\u00e9e personnelle identifiable.<\/p>\r\n  <p>Les cookies tiers utilis\u00e9s sur notre site web nous aident principalement \u00e0 comprendre les performances du site, \u00e0 suivre la fa\u00e7on dont vous interagissez avec celui-ci, \u00e0 s\u00e9curiser nos services, \u00e0 diffuser des publicit\u00e9s pertinentes et \u00e0 am\u00e9liorer votre exp\u00e9rience utilisateur globale tout en optimisant la rapidit\u00e9 de vos interactions futures avec notre site.<\/p>\r\n<\/div>\u00a0\r\n<h2>Types de cookies que nous utilisons<\/h2>\r\n<div class=\"cky-audit-table-element\"><\/div>\u00a0\r\n<h2 style=\"margin-bottom: 20px\">G\u00e9rer les pr\u00e9f\u00e9rences de cookies<\/h2>\r\n<a class=\"cky-banner-element\">Pr\u00e9f\u00e9rences de consentement<\/a><br\/>\r\n<div>\r\n  <p>Vous pouvez modifier vos param\u00e8tres de cookies \u00e0 tout moment en cliquant sur le bouton \u00ab Pr\u00e9f\u00e9rences de consentement \u00bb situ\u00e9 en haut. Cette option vous permet de revisiter la banni\u00e8re de consentement aux cookies afin de mettre \u00e0 jour vos pr\u00e9f\u00e9rences ou de retirer votre consentement imm\u00e9diatement.<\/p>\r\n  <p>De plus, diff\u00e9rents navigateurs offrent plusieurs m\u00e9thodes pour bloquer et supprimer les cookies utilis\u00e9s par les sites web. Vous pouvez modifier les param\u00e8tres de votre navigateur pour bloquer ou supprimer les cookies. Vous trouverez ci-dessous des liens vers la documentation d\u2019aide expliquant comment g\u00e9rer et supprimer les cookies dans les principaux navigateurs web.<\/p>\r\n  <p>Chrome : <a target=\"_blank\" rel=\"noopener noreferrer\" href=\"https:\/\/support.google.com\/accounts\/answer\/32050\">https:\/\/support.google.com\/accounts\/answer\/32050<\/a><\/p>\r\n  <p>Safari : <a target=\"_blank\" rel=\"noopener noreferrer\" href=\"https:\/\/support.apple.com\/en-in\/guide\/safari\/sfri11471\/mac\">https:\/\/support.apple.com\/en-in\/guide\/safari\/sfri11471\/mac<\/a><\/p>\r\n  <p>Firefox : <a target=\"_blank\" rel=\"noopener noreferrer\" href=\"https:\/\/support.mozilla.org\/fr\/kb\/effacer-les-cookies-pour-supprimer-les-informations-des-sites\">https:\/\/support.mozilla.org\/fr\/kb\/effacer-les-cookies-pour-supprimer-les-informations-des-sites<\/a><\/p>\r\n  <p>Internet Explorer : <a target=\"_blank\" rel=\"noopener noreferrer\" href=\"https:\/\/support.microsoft.com\/fr-fr\/topic\/comment-supprimer-les-fichiers-cookies-dans-internet-explorer-bca9446f-d873-78de-77ba-d42645fa52fc\">https:\/\/support.microsoft.com\/fr-fr\/topic\/comment-supprimer-les-fichiers-cookies-dans-internet-explorer-bca9446f-d873-78de-77ba-d42645fa52fc<\/a><\/p>\r\n  <p>Si vous utilisez un autre navigateur web, veuillez consulter sa documentation d\u2019aide officielle.<\/p>\r\n<\/div>\u00a0\r\n<p class=\"cookie-policy-p\">\r\n  Cette politique de <a target=\"_blank\" rel=\"noopener noreferrer\" href=\"https:\/\/www.cookieyes.com\/?utm_source=CP&#038;utm_medium=footer&#038;utm_campaign=UW\">cookies a \u00e9t\u00e9 g\u00e9n\u00e9r\u00e9e par CookieYes \u2013 g\u00e9n\u00e9rateur de politique de cookies<\/a>\r\n<\/p>\r\n<!-- End CookieYes cookie policy -->\r\n","protected":false},"excerpt":{"rendered":"<p>Politique de cookies Date d\u2019entr\u00e9e en vigueur : 25 octobre 2025 Derni\u00e8re mise \u00e0 jour : 25 octobre 2025 \u00a0 Qu\u2019est-ce qu\u2019un cookie ? Cette politique de cookies explique ce&#8230;<\/p>\n","protected":false},"author":1,"featured_media":0,"parent":0,"menu_order":0,"comment_status":"closed","ping_status":"closed","template":"","meta":{"footnotes":""},"class_list":["post-14816","page","type-page","status-publish"],"aioseo_notices":[],"_links":{"self":[{"href":"https:\/\/www.mediss.es\/fr\/wp-json\/wp\/v2\/pages\/14816","targetHints":{"allow":["GET"]}}],"collection":[{"href":"https:\/\/www.mediss.es\/fr\/wp-json\/wp\/v2\/pages"}],"about":[{"href":"https:\/\/www.mediss.es\/fr\/wp-json\/wp\/v2\/types\/page"}],"author":[{"embeddable":true,"href":"https:\/\/www.mediss.es\/fr\/wp-json\/wp\/v2\/users\/1"}],"replies":[{"embeddable":true,"href":"https:\/\/www.mediss.es\/fr\/wp-json\/wp\/v2\/comments?post=14816"}],"version-history":[{"count":2,"href":"https:\/\/www.mediss.es\/fr\/wp-json\/wp\/v2\/pages\/14816\/revisions"}],"predecessor-version":[{"id":25311,"href":"https:\/\/www.mediss.es\/fr\/wp-json\/wp\/v2\/pages\/14816\/revisions\/25311"}],"wp:attachment":[{"href":"https:\/\/www.mediss.es\/fr\/wp-json\/wp\/v2\/media?parent=14816"}],"curies":[{"name":"wp","href":"https:\/\/api.w.org\/{rel}","templated":true}]}}